{"id":36,"date":"2022-04-02T21:25:19","date_gmt":"2022-04-02T19:25:19","guid":{"rendered":"https:\/\/liberal-notes.nohost.me\/blog\/?page_id=36"},"modified":"2022-07-14T16:09:41","modified_gmt":"2022-07-14T14:09:41","slug":"usa","status":"publish","type":"page","link":"https:\/\/39ppp.de\/niklas\/","title":{"rendered":"USA \ud83c\uddfa\ud83c\uddf8"},"content":{"rendered":"\n<p><\/p>\n\n\n\n<p>Wie du wahrscheinlich wei\u00dft, bin ich Teil des CBYX-Programms f\u00fcr junge Berufst\u00e4tige. Dies ist ein Austauschprogramm zwischen dem Deutschen Bundestag und dem US-Kongress. Ich und 74 weitere Stipendiaten werden 11 Monate in den USA verbringen, unter anderem werden wir ein Semester Studieren, 6 Monate in einer US-Firma arbeiten und zum Schluss ein paar Wochen durch das Land Reisen. <\/p>\n\n\n\n<p>Unten findest du einige meiner neuesten Eindr\u00fccke und Stationen auf meinem Weg. Noch 1355 Tage bis zum Abflug\u2026 \u2708\ufe0f<\/p>\n\n\n\n<p><strong>Viel Spa\u00df beim Lesen! <\/strong>\ud83d\udcd6<\/p>\n\n\n<ul class=\"wp-block-latest-posts__list has-dates aligncenter wp-block-latest-posts\"><li><a class=\"wp-block-latest-posts__post-title\" href=\"https:\/\/39ppp.de\/niklas\/visumstermin\/\">VISUMSTERMIN \ud83e\udeaa<\/a><time datetime=\"2022-07-11T13:04:00+02:00\" class=\"wp-block-latest-posts__post-date\">11. Juli 2022<\/time><\/li>\n<li><a class=\"wp-block-latest-posts__post-title\" href=\"https:\/\/39ppp.de\/niklas\/vorbereitungsseminar-oer\/\">VORBEREITUNG OER \ud83e\udd13<\/a><time datetime=\"2022-05-28T20:46:29+02:00\" class=\"wp-block-latest-posts__post-date\">28. Mai 2022<\/time><\/li>\n<li><a class=\"wp-block-latest-posts__post-title\" href=\"https:\/\/39ppp.de\/niklas\/yes\/\">JA! ICH BIN DABEI \ud83e\udd29<\/a><time datetime=\"2022-01-24T00:46:20+01:00\" class=\"wp-block-latest-posts__post-date\">24. Januar 2022<\/time><\/li>\n<\/ul>\n\n\n<div class=\"wp-block-columns is-layout-flex wp-container-core-columns-is-layout-9d6595d7 wp-block-columns-is-layout-flex\">\n<div class=\"wp-block-column is-layout-flow wp-block-column-is-layout-flow\"><\/div>\n<\/div>\n","protected":false},"excerpt":{"rendered":"<p>Wie du wahrscheinlich wei\u00dft, bin ich Teil des CBYX-Programms f\u00fcr junge Berufst\u00e4tige. Dies ist ein Austauschprogramm zwischen dem Deutschen Bundestag und dem US-Kongress. Ich und 74 weitere Stipendiaten werden 11 Monate in den USA verbringen, unter anderem werden wir ein Semester Studieren, 6 Monate in einer US-Firma arbeiten und zum Schluss ein paar Wochen durch [&hellip;]<\/p>\n","protected":false},"author":9,"featured_media":0,"parent":0,"menu_order":0,"comment_status":"closed","ping_status":"closed","template":"","meta":{"footnotes":"","_links_to":"","_links_to_target":""},"class_list":["post-36","page","type-page","status-publish","hentry"],"yoast_head":"<!-- This site is optimized with the Yoast SEO plugin v27.4 - https:\/\/yoast.com\/product\/yoast-seo-wordpress\/ -->\n<title>USA \ud83c\uddfa\ud83c\uddf8 - NIKLAS X USA<\/title>\n<meta name=\"robots\" content=\"index, follow, max-snippet:-1, max-image-preview:large, max-video-preview:-1\" \/>\n<link rel=\"canonical\" href=\"https:\/\/39ppp.de\/niklas\/\" \/>\n<meta property=\"og:locale\" content=\"de_DE\" \/>\n<meta property=\"og:type\" content=\"article\" \/>\n<meta property=\"og:title\" content=\"USA \ud83c\uddfa\ud83c\uddf8 - NIKLAS X USA\" \/>\n<meta property=\"og:description\" content=\"Wie du wahrscheinlich wei\u00dft, bin ich Teil des CBYX-Programms f\u00fcr junge Berufst\u00e4tige. Dies ist ein Austauschprogramm zwischen dem Deutschen Bundestag und dem US-Kongress. Ich und 74 weitere Stipendiaten werden 11 Monate in den USA verbringen, unter anderem werden wir ein Semester Studieren, 6 Monate in einer US-Firma arbeiten und zum Schluss ein paar Wochen durch [&hellip;]\" \/>\n<meta property=\"og:url\" content=\"https:\/\/39ppp.de\/niklas\/\" \/>\n<meta property=\"og:site_name\" content=\"NIKLAS X USA\" \/>\n<meta property=\"article:modified_time\" content=\"2022-07-14T14:09:41+00:00\" \/>\n<meta name=\"twitter:card\" content=\"summary_large_image\" \/>\n<meta name=\"twitter:label1\" content=\"Gesch\u00e4tzte Lesezeit\" \/>\n\t<meta name=\"twitter:data1\" content=\"1\u00a0Minute\" \/>\n<script type=\"application\/ld+json\" class=\"yoast-schema-graph\">{\"@context\":\"https:\\\/\\\/schema.org\",\"@graph\":[{\"@type\":\"WebPage\",\"@id\":\"https:\\\/\\\/39ppp.de\\\/niklas\\\/\",\"url\":\"https:\\\/\\\/39ppp.de\\\/niklas\\\/\",\"name\":\"USA \ud83c\uddfa\ud83c\uddf8 - NIKLAS X USA\",\"isPartOf\":{\"@id\":\"https:\\\/\\\/39ppp.de\\\/niklas\\\/#website\"},\"datePublished\":\"2022-04-02T19:25:19+00:00\",\"dateModified\":\"2022-07-14T14:09:41+00:00\",\"inLanguage\":\"de\",\"potentialAction\":[{\"@type\":\"ReadAction\",\"target\":[\"https:\\\/\\\/39ppp.de\\\/niklas\\\/\"]}]},{\"@type\":\"WebSite\",\"@id\":\"https:\\\/\\\/39ppp.de\\\/niklas\\\/#website\",\"url\":\"https:\\\/\\\/39ppp.de\\\/niklas\\\/\",\"name\":\"NIKLAS X USA\",\"description\":\"\",\"publisher\":{\"@id\":\"https:\\\/\\\/39ppp.de\\\/niklas\\\/#organization\"},\"potentialAction\":[{\"@type\":\"SearchAction\",\"target\":{\"@type\":\"EntryPoint\",\"urlTemplate\":\"https:\\\/\\\/39ppp.de\\\/niklas\\\/?s={search_term_string}\"},\"query-input\":{\"@type\":\"PropertyValueSpecification\",\"valueRequired\":true,\"valueName\":\"search_term_string\"}}],\"inLanguage\":\"de\"},{\"@type\":\"Organization\",\"@id\":\"https:\\\/\\\/39ppp.de\\\/niklas\\\/#organization\",\"name\":\"NIKLAS X USA\",\"url\":\"https:\\\/\\\/39ppp.de\\\/niklas\\\/\",\"logo\":{\"@type\":\"ImageObject\",\"inLanguage\":\"de\",\"@id\":\"https:\\\/\\\/39ppp.de\\\/niklas\\\/#\\\/schema\\\/logo\\\/image\\\/\",\"url\":\"https:\\\/\\\/39ppp.de\\\/niklas\\\/wp-content\\\/uploads\\\/sites\\\/8\\\/2022\\\/07\\\/cropped-LOGO_neu.png\",\"contentUrl\":\"https:\\\/\\\/39ppp.de\\\/niklas\\\/wp-content\\\/uploads\\\/sites\\\/8\\\/2022\\\/07\\\/cropped-LOGO_neu.png\",\"width\":4096,\"height\":3074,\"caption\":\"NIKLAS X USA\"},\"image\":{\"@id\":\"https:\\\/\\\/39ppp.de\\\/niklas\\\/#\\\/schema\\\/logo\\\/image\\\/\"}}]}<\/script>\n<!-- \/ Yoast SEO plugin. -->","yoast_head_json":{"title":"USA \ud83c\uddfa\ud83c\uddf8 - NIKLAS X USA","robots":{"index":"index","follow":"follow","max-snippet":"max-snippet:-1","max-image-preview":"max-image-preview:large","max-video-preview":"max-video-preview:-1"},"canonical":"https:\/\/39ppp.de\/niklas\/","og_locale":"de_DE","og_type":"article","og_title":"USA \ud83c\uddfa\ud83c\uddf8 - NIKLAS X USA","og_description":"Wie du wahrscheinlich wei\u00dft, bin ich Teil des CBYX-Programms f\u00fcr junge Berufst\u00e4tige. Dies ist ein Austauschprogramm zwischen dem Deutschen Bundestag und dem US-Kongress. Ich und 74 weitere Stipendiaten werden 11 Monate in den USA verbringen, unter anderem werden wir ein Semester Studieren, 6 Monate in einer US-Firma arbeiten und zum Schluss ein paar Wochen durch [&hellip;]","og_url":"https:\/\/39ppp.de\/niklas\/","og_site_name":"NIKLAS X USA","article_modified_time":"2022-07-14T14:09:41+00:00","twitter_card":"summary_large_image","twitter_misc":{"Gesch\u00e4tzte Lesezeit":"1\u00a0Minute"},"schema":{"@context":"https:\/\/schema.org","@graph":[{"@type":"WebPage","@id":"https:\/\/39ppp.de\/niklas\/","url":"https:\/\/39ppp.de\/niklas\/","name":"USA \ud83c\uddfa\ud83c\uddf8 - NIKLAS X USA","isPartOf":{"@id":"https:\/\/39ppp.de\/niklas\/#website"},"datePublished":"2022-04-02T19:25:19+00:00","dateModified":"2022-07-14T14:09:41+00:00","inLanguage":"de","potentialAction":[{"@type":"ReadAction","target":["https:\/\/39ppp.de\/niklas\/"]}]},{"@type":"WebSite","@id":"https:\/\/39ppp.de\/niklas\/#website","url":"https:\/\/39ppp.de\/niklas\/","name":"NIKLAS X USA","description":"","publisher":{"@id":"https:\/\/39ppp.de\/niklas\/#organization"},"potentialAction":[{"@type":"SearchAction","target":{"@type":"EntryPoint","urlTemplate":"https:\/\/39ppp.de\/niklas\/?s={search_term_string}"},"query-input":{"@type":"PropertyValueSpecification","valueRequired":true,"valueName":"search_term_string"}}],"inLanguage":"de"},{"@type":"Organization","@id":"https:\/\/39ppp.de\/niklas\/#organization","name":"NIKLAS X USA","url":"https:\/\/39ppp.de\/niklas\/","logo":{"@type":"ImageObject","inLanguage":"de","@id":"https:\/\/39ppp.de\/niklas\/#\/schema\/logo\/image\/","url":"https:\/\/39ppp.de\/niklas\/wp-content\/uploads\/sites\/8\/2022\/07\/cropped-LOGO_neu.png","contentUrl":"https:\/\/39ppp.de\/niklas\/wp-content\/uploads\/sites\/8\/2022\/07\/cropped-LOGO_neu.png","width":4096,"height":3074,"caption":"NIKLAS X USA"},"image":{"@id":"https:\/\/39ppp.de\/niklas\/#\/schema\/logo\/image\/"}}]}},"_links":{"self":[{"href":"https:\/\/39ppp.de\/niklas\/wp-json\/wp\/v2\/pages\/36","targetHints":{"allow":["GET"]}}],"collection":[{"href":"https:\/\/39ppp.de\/niklas\/wp-json\/wp\/v2\/pages"}],"about":[{"href":"https:\/\/39ppp.de\/niklas\/wp-json\/wp\/v2\/types\/page"}],"author":[{"embeddable":true,"href":"https:\/\/39ppp.de\/niklas\/wp-json\/wp\/v2\/users\/9"}],"replies":[{"embeddable":true,"href":"https:\/\/39ppp.de\/niklas\/wp-json\/wp\/v2\/comments?post=36"}],"version-history":[{"count":11,"href":"https:\/\/39ppp.de\/niklas\/wp-json\/wp\/v2\/pages\/36\/revisions"}],"predecessor-version":[{"id":548,"href":"https:\/\/39ppp.de\/niklas\/wp-json\/wp\/v2\/pages\/36\/revisions\/548"}],"wp:attachment":[{"href":"https:\/\/39ppp.de\/niklas\/wp-json\/wp\/v2\/media?parent=36"}],"curies":[{"name":"wp","href":"https:\/\/api.w.org\/{rel}","templated":true}]}}