{"id":2,"date":"2022-07-03T10:43:37","date_gmt":"2022-07-03T08:43:37","guid":{"rendered":"https:\/\/39ppp.de\/charlotte\/?page_id=2"},"modified":"2022-10-19T11:47:22","modified_gmt":"2022-10-19T18:47:22","slug":"beispiel-seite","status":"publish","type":"page","link":"https:\/\/39ppp.de\/charlotte\/beispiel-seite\/","title":{"rendered":"\u00dcber mich"},"content":{"rendered":"\n<p>Ich bin Charlotte, 24 Jahre alt und gelernte B\u00e4ckerin. Ich komme aus der N\u00e4he von D\u00fcsseldorf (NRW), aber seit August hei\u00dft mein Wohnort f\u00fcr ein Jahr: <strong><a href=\"https:\/\/goo.gl\/maps\/8nBnK24MgG3GKuN59\" target=\"_blank\" rel=\"noreferrer noopener\">Reno, Nevada<\/a><\/strong>.<\/p>\n\n\n\n<p>M\u00f6glich macht mir dieses das <a href=\"https:\/\/usa-ppp.de\" target=\"_blank\" rel=\"noreferrer noopener\">Parlamentarische Patenschaftsprogramm<\/a> (PPP) des Deutschen Bundestages und des US-Kongresses. Zur F\u00f6rderung des transatlantischen Verh\u00e4ltnisses erhalten jedes Jahr je 75 junge Berufst\u00e4tige aus Deutschland und den USA die M\u00f6glichkeit, im jeweils anderen Land zu leben und zu arbeiten. <\/p>\n\n\n\n<p>Der Name &#8222;Patenschaftsprogramm&#8220; l\u00e4sst es schon vermuten, jeder deutsche Teilnehmer wurde von einem Abgeordneten des deutschen Bundestages nominiert. Mein Pate ist <a href=\"http:\/\/udo-schiefner.de\" target=\"_blank\" rel=\"noreferrer noopener\">Udo Schiefner<\/a> (SPD), der meinen Heimatwahlkreis Viersen vertritt. Ich bin ihm sehr dankbar f\u00fcr die Nominierung und freue mich darauf, ein St\u00fcck Niederrhein in die USA zu bringen. <\/p>\n\n\n<div class=\"wp-block-image\">\n<figure class=\"aligncenter size-large is-resized\"><img fetchpriority=\"high\" decoding=\"async\" src=\"https:\/\/39ppp.de\/charlotte\/wp-content\/uploads\/sites\/14\/2022\/07\/20220430_194828-1-607x1024.jpg\" alt=\"\" class=\"wp-image-25\" width=\"266\" height=\"449\" srcset=\"https:\/\/39ppp.de\/charlotte\/wp-content\/uploads\/sites\/14\/2022\/07\/20220430_194828-1-607x1024.jpg 607w, https:\/\/39ppp.de\/charlotte\/wp-content\/uploads\/sites\/14\/2022\/07\/20220430_194828-1-178x300.jpg 178w, https:\/\/39ppp.de\/charlotte\/wp-content\/uploads\/sites\/14\/2022\/07\/20220430_194828-1-768x1296.jpg 768w, https:\/\/39ppp.de\/charlotte\/wp-content\/uploads\/sites\/14\/2022\/07\/20220430_194828-1-910x1536.jpg 910w, https:\/\/39ppp.de\/charlotte\/wp-content\/uploads\/sites\/14\/2022\/07\/20220430_194828-1.jpg 1185w\" sizes=\"(max-width: 266px) 100vw, 266px\" \/><figcaption>Next Stop: USA!<\/figcaption><\/figure>\n<\/div>\n\n\n<p><\/p>\n","protected":false},"excerpt":{"rendered":"<p>Ich bin Charlotte, 24 Jahre alt und gelernte B\u00e4ckerin. Ich komme aus der N\u00e4he von D\u00fcsseldorf (NRW), aber seit August hei\u00dft mein Wohnort f\u00fcr ein Jahr: Reno, Nevada. M\u00f6glich macht mir dieses das Parlamentarische Patenschaftsprogramm (PPP) des Deutschen Bundestages und des US-Kongresses. Zur F\u00f6rderung des transatlantischen Verh\u00e4ltnisses erhalten jedes Jahr je 75 junge Berufst\u00e4tige aus [&hellip;]<\/p>\n","protected":false},"author":15,"featured_media":0,"parent":0,"menu_order":0,"comment_status":"closed","ping_status":"open","template":"","meta":{"footnotes":"","_links_to":"","_links_to_target":""},"class_list":["post-2","page","type-page","status-publish","hentry"],"yoast_head":"<!-- This site is optimized with the Yoast SEO plugin v27.4 - https:\/\/yoast.com\/product\/yoast-seo-wordpress\/ -->\n<title>\u00dcber mich - Charlotte X Nevada<\/title>\n<meta name=\"robots\" content=\"index, follow, max-snippet:-1, max-image-preview:large, max-video-preview:-1\" \/>\n<link rel=\"canonical\" href=\"https:\/\/39ppp.de\/charlotte\/beispiel-seite\/\" \/>\n<meta property=\"og:locale\" content=\"de_DE\" \/>\n<meta property=\"og:type\" content=\"article\" \/>\n<meta property=\"og:title\" content=\"\u00dcber mich - Charlotte X Nevada\" \/>\n<meta property=\"og:description\" content=\"Ich bin Charlotte, 24 Jahre alt und gelernte B\u00e4ckerin. Ich komme aus der N\u00e4he von D\u00fcsseldorf (NRW), aber seit August hei\u00dft mein Wohnort f\u00fcr ein Jahr: Reno, Nevada. M\u00f6glich macht mir dieses das Parlamentarische Patenschaftsprogramm (PPP) des Deutschen Bundestages und des US-Kongresses. Zur F\u00f6rderung des transatlantischen Verh\u00e4ltnisses erhalten jedes Jahr je 75 junge Berufst\u00e4tige aus [&hellip;]\" \/>\n<meta property=\"og:url\" content=\"https:\/\/39ppp.de\/charlotte\/beispiel-seite\/\" \/>\n<meta property=\"og:site_name\" content=\"Charlotte X Nevada\" \/>\n<meta property=\"article:modified_time\" content=\"2022-10-19T18:47:22+00:00\" \/>\n<meta property=\"og:image\" content=\"https:\/\/39ppp.de\/charlotte\/wp-content\/uploads\/sites\/14\/2022\/07\/20220430_194828-1-607x1024.jpg\" \/>\n<meta name=\"twitter:card\" content=\"summary_large_image\" \/>\n<meta name=\"twitter:label1\" content=\"Gesch\u00e4tzte Lesezeit\" \/>\n\t<meta name=\"twitter:data1\" content=\"1\u00a0Minute\" \/>\n<script type=\"application\/ld+json\" class=\"yoast-schema-graph\">{\"@context\":\"https:\\\/\\\/schema.org\",\"@graph\":[{\"@type\":\"WebPage\",\"@id\":\"https:\\\/\\\/39ppp.de\\\/charlotte\\\/beispiel-seite\\\/\",\"url\":\"https:\\\/\\\/39ppp.de\\\/charlotte\\\/beispiel-seite\\\/\",\"name\":\"\u00dcber mich - Charlotte X Nevada\",\"isPartOf\":{\"@id\":\"https:\\\/\\\/39ppp.de\\\/charlotte\\\/#website\"},\"primaryImageOfPage\":{\"@id\":\"https:\\\/\\\/39ppp.de\\\/charlotte\\\/beispiel-seite\\\/#primaryimage\"},\"image\":{\"@id\":\"https:\\\/\\\/39ppp.de\\\/charlotte\\\/beispiel-seite\\\/#primaryimage\"},\"thumbnailUrl\":\"https:\\\/\\\/39ppp.de\\\/charlotte\\\/wp-content\\\/uploads\\\/sites\\\/14\\\/2022\\\/07\\\/20220430_194828-1-607x1024.jpg\",\"datePublished\":\"2022-07-03T08:43:37+00:00\",\"dateModified\":\"2022-10-19T18:47:22+00:00\",\"breadcrumb\":{\"@id\":\"https:\\\/\\\/39ppp.de\\\/charlotte\\\/beispiel-seite\\\/#breadcrumb\"},\"inLanguage\":\"de\",\"potentialAction\":[{\"@type\":\"ReadAction\",\"target\":[\"https:\\\/\\\/39ppp.de\\\/charlotte\\\/beispiel-seite\\\/\"]}]},{\"@type\":\"ImageObject\",\"inLanguage\":\"de\",\"@id\":\"https:\\\/\\\/39ppp.de\\\/charlotte\\\/beispiel-seite\\\/#primaryimage\",\"url\":\"https:\\\/\\\/39ppp.de\\\/charlotte\\\/wp-content\\\/uploads\\\/sites\\\/14\\\/2022\\\/07\\\/20220430_194828-1.jpg\",\"contentUrl\":\"https:\\\/\\\/39ppp.de\\\/charlotte\\\/wp-content\\\/uploads\\\/sites\\\/14\\\/2022\\\/07\\\/20220430_194828-1.jpg\",\"width\":1185,\"height\":2000},{\"@type\":\"BreadcrumbList\",\"@id\":\"https:\\\/\\\/39ppp.de\\\/charlotte\\\/beispiel-seite\\\/#breadcrumb\",\"itemListElement\":[{\"@type\":\"ListItem\",\"position\":1,\"name\":\"Startseite\",\"item\":\"https:\\\/\\\/39ppp.de\\\/charlotte\\\/\"},{\"@type\":\"ListItem\",\"position\":2,\"name\":\"\u00dcber mich\"}]},{\"@type\":\"WebSite\",\"@id\":\"https:\\\/\\\/39ppp.de\\\/charlotte\\\/#website\",\"url\":\"https:\\\/\\\/39ppp.de\\\/charlotte\\\/\",\"name\":\"Charlotte X Nevada\",\"description\":\"Als Juniorbotschafterin ein Jahr in den USA\",\"potentialAction\":[{\"@type\":\"SearchAction\",\"target\":{\"@type\":\"EntryPoint\",\"urlTemplate\":\"https:\\\/\\\/39ppp.de\\\/charlotte\\\/?s={search_term_string}\"},\"query-input\":{\"@type\":\"PropertyValueSpecification\",\"valueRequired\":true,\"valueName\":\"search_term_string\"}}],\"inLanguage\":\"de\"}]}<\/script>\n<!-- \/ Yoast SEO plugin. -->","yoast_head_json":{"title":"\u00dcber mich - Charlotte X Nevada","robots":{"index":"index","follow":"follow","max-snippet":"max-snippet:-1","max-image-preview":"max-image-preview:large","max-video-preview":"max-video-preview:-1"},"canonical":"https:\/\/39ppp.de\/charlotte\/beispiel-seite\/","og_locale":"de_DE","og_type":"article","og_title":"\u00dcber mich - Charlotte X Nevada","og_description":"Ich bin Charlotte, 24 Jahre alt und gelernte B\u00e4ckerin. Ich komme aus der N\u00e4he von D\u00fcsseldorf (NRW), aber seit August hei\u00dft mein Wohnort f\u00fcr ein Jahr: Reno, Nevada. M\u00f6glich macht mir dieses das Parlamentarische Patenschaftsprogramm (PPP) des Deutschen Bundestages und des US-Kongresses. Zur F\u00f6rderung des transatlantischen Verh\u00e4ltnisses erhalten jedes Jahr je 75 junge Berufst\u00e4tige aus [&hellip;]","og_url":"https:\/\/39ppp.de\/charlotte\/beispiel-seite\/","og_site_name":"Charlotte X Nevada","article_modified_time":"2022-10-19T18:47:22+00:00","og_image":[{"url":"https:\/\/39ppp.de\/charlotte\/wp-content\/uploads\/sites\/14\/2022\/07\/20220430_194828-1-607x1024.jpg","type":"","width":"","height":""}],"twitter_card":"summary_large_image","twitter_misc":{"Gesch\u00e4tzte Lesezeit":"1\u00a0Minute"},"schema":{"@context":"https:\/\/schema.org","@graph":[{"@type":"WebPage","@id":"https:\/\/39ppp.de\/charlotte\/beispiel-seite\/","url":"https:\/\/39ppp.de\/charlotte\/beispiel-seite\/","name":"\u00dcber mich - Charlotte X Nevada","isPartOf":{"@id":"https:\/\/39ppp.de\/charlotte\/#website"},"primaryImageOfPage":{"@id":"https:\/\/39ppp.de\/charlotte\/beispiel-seite\/#primaryimage"},"image":{"@id":"https:\/\/39ppp.de\/charlotte\/beispiel-seite\/#primaryimage"},"thumbnailUrl":"https:\/\/39ppp.de\/charlotte\/wp-content\/uploads\/sites\/14\/2022\/07\/20220430_194828-1-607x1024.jpg","datePublished":"2022-07-03T08:43:37+00:00","dateModified":"2022-10-19T18:47:22+00:00","breadcrumb":{"@id":"https:\/\/39ppp.de\/charlotte\/beispiel-seite\/#breadcrumb"},"inLanguage":"de","potentialAction":[{"@type":"ReadAction","target":["https:\/\/39ppp.de\/charlotte\/beispiel-seite\/"]}]},{"@type":"ImageObject","inLanguage":"de","@id":"https:\/\/39ppp.de\/charlotte\/beispiel-seite\/#primaryimage","url":"https:\/\/39ppp.de\/charlotte\/wp-content\/uploads\/sites\/14\/2022\/07\/20220430_194828-1.jpg","contentUrl":"https:\/\/39ppp.de\/charlotte\/wp-content\/uploads\/sites\/14\/2022\/07\/20220430_194828-1.jpg","width":1185,"height":2000},{"@type":"BreadcrumbList","@id":"https:\/\/39ppp.de\/charlotte\/beispiel-seite\/#breadcrumb","itemListElement":[{"@type":"ListItem","position":1,"name":"Startseite","item":"https:\/\/39ppp.de\/charlotte\/"},{"@type":"ListItem","position":2,"name":"\u00dcber mich"}]},{"@type":"WebSite","@id":"https:\/\/39ppp.de\/charlotte\/#website","url":"https:\/\/39ppp.de\/charlotte\/","name":"Charlotte X Nevada","description":"Als Juniorbotschafterin ein Jahr in den USA","potentialAction":[{"@type":"SearchAction","target":{"@type":"EntryPoint","urlTemplate":"https:\/\/39ppp.de\/charlotte\/?s={search_term_string}"},"query-input":{"@type":"PropertyValueSpecification","valueRequired":true,"valueName":"search_term_string"}}],"inLanguage":"de"}]}},"_links":{"self":[{"href":"https:\/\/39ppp.de\/charlotte\/wp-json\/wp\/v2\/pages\/2","targetHints":{"allow":["GET"]}}],"collection":[{"href":"https:\/\/39ppp.de\/charlotte\/wp-json\/wp\/v2\/pages"}],"about":[{"href":"https:\/\/39ppp.de\/charlotte\/wp-json\/wp\/v2\/types\/page"}],"author":[{"embeddable":true,"href":"https:\/\/39ppp.de\/charlotte\/wp-json\/wp\/v2\/users\/15"}],"replies":[{"embeddable":true,"href":"https:\/\/39ppp.de\/charlotte\/wp-json\/wp\/v2\/comments?post=2"}],"version-history":[{"count":6,"href":"https:\/\/39ppp.de\/charlotte\/wp-json\/wp\/v2\/pages\/2\/revisions"}],"predecessor-version":[{"id":150,"href":"https:\/\/39ppp.de\/charlotte\/wp-json\/wp\/v2\/pages\/2\/revisions\/150"}],"wp:attachment":[{"href":"https:\/\/39ppp.de\/charlotte\/wp-json\/wp\/v2\/media?parent=2"}],"curies":[{"name":"wp","href":"https:\/\/api.w.org\/{rel}","templated":true}]}}