{"id":72,"date":"2022-07-29T11:57:10","date_gmt":"2022-07-29T09:57:10","guid":{"rendered":"https:\/\/39ppp.de\/annika\/?page_id=72"},"modified":"2022-08-05T00:06:24","modified_gmt":"2022-08-04T22:06:24","slug":"startseite","status":"publish","type":"page","link":"https:\/\/39ppp.de\/annika\/","title":{"rendered":"Startseite"},"content":{"rendered":"\t\t<div data-elementor-type=\"wp-page\" data-elementor-id=\"72\" class=\"elementor elementor-72\">\n\t\t\t\t\t\t<section class=\"elementor-section elementor-top-section elementor-element elementor-element-974723f elementor-section-boxed elementor-section-height-default elementor-section-height-default\" data-id=\"974723f\" data-element_type=\"section\" data-e-type=\"section\">\n\t\t\t\t\t\t<div class=\"elementor-container elementor-column-gap-default\">\n\t\t\t\t\t<div class=\"elementor-column elementor-col-33 elementor-top-column elementor-element elementor-element-4ffb1b8\" data-id=\"4ffb1b8\" data-element_type=\"column\" data-e-type=\"column\">\n\t\t\t<div class=\"elementor-widget-wrap elementor-element-populated\">\n\t\t\t\t\t\t<div class=\"elementor-element elementor-element-5b4e70d elementor-widget elementor-widget-image\" data-id=\"5b4e70d\" data-element_type=\"widget\" data-e-type=\"widget\" data-widget_type=\"image.default\">\n\t\t\t\t<div class=\"elementor-widget-container\">\n\t\t\t\t\t\t\t\t\t\t\t\t\t\t\t<img fetchpriority=\"high\" decoding=\"async\" width=\"768\" height=\"1021\" src=\"https:\/\/39ppp.de\/annika\/wp-content\/uploads\/sites\/12\/2022\/07\/WhatsApp-Image-2022-07-29-at-12.01.06-768x1021.jpeg\" class=\"attachment-medium_large size-medium_large wp-image-156\" alt=\"\" srcset=\"https:\/\/39ppp.de\/annika\/wp-content\/uploads\/sites\/12\/2022\/07\/WhatsApp-Image-2022-07-29-at-12.01.06-768x1021.jpeg 768w, https:\/\/39ppp.de\/annika\/wp-content\/uploads\/sites\/12\/2022\/07\/WhatsApp-Image-2022-07-29-at-12.01.06-226x300.jpeg 226w, https:\/\/39ppp.de\/annika\/wp-content\/uploads\/sites\/12\/2022\/07\/WhatsApp-Image-2022-07-29-at-12.01.06-770x1024.jpeg 770w, https:\/\/39ppp.de\/annika\/wp-content\/uploads\/sites\/12\/2022\/07\/WhatsApp-Image-2022-07-29-at-12.01.06-1155x1536.jpeg 1155w, https:\/\/39ppp.de\/annika\/wp-content\/uploads\/sites\/12\/2022\/07\/WhatsApp-Image-2022-07-29-at-12.01.06.jpeg 1203w\" sizes=\"(max-width: 768px) 100vw, 768px\" \/>\t\t\t\t\t\t\t\t\t\t\t\t\t\t\t<\/div>\n\t\t\t\t<\/div>\n\t\t\t\t\t<\/div>\n\t\t<\/div>\n\t\t\t\t<div class=\"elementor-column elementor-col-33 elementor-top-column elementor-element elementor-element-577832a\" data-id=\"577832a\" data-element_type=\"column\" data-e-type=\"column\">\n\t\t\t<div class=\"elementor-widget-wrap elementor-element-populated\">\n\t\t\t\t\t\t<div class=\"elementor-element elementor-element-02bbedc elementor-widget elementor-widget-heading\" data-id=\"02bbedc\" data-element_type=\"widget\" data-e-type=\"widget\" data-widget_type=\"heading.default\">\n\t\t\t\t<div class=\"elementor-widget-container\">\n\t\t\t\t\t<h1 class=\"elementor-heading-title elementor-size-default\">Wer bin ich?<\/h1>\t\t\t\t<\/div>\n\t\t\t\t<\/div>\n\t\t\t\t<div class=\"elementor-element elementor-element-8edcc22 elementor-widget elementor-widget-text-editor\" data-id=\"8edcc22\" data-element_type=\"widget\" data-e-type=\"widget\" data-widget_type=\"text-editor.default\">\n\t\t\t\t<div class=\"elementor-widget-container\">\n\t\t\t\t\t\t\t\t\t<h3>Ich bin Annika, 24 Jahre alt und komme aus einem kleinen Dorf in der Vordereifel. Als gelernte Informatikkauffrau und studierte Wirtschaftsinformatikerin werde ich f\u00fcr den Wahlkreis Ahrweiler (198) am 9. August mit 74 anderen Stipendiat:innen f\u00fcr ca. 1 Jahr in die USA gehen.<br \/>Du wei\u00dft nichts oder nicht viel von dem Programm an dem ich teilnehme?<br \/>Kurz und knapp: Das PPP ist ein Programm,\u00a0das sich an junge Berufst\u00e4tige richtet, die eine Ausbildung absolviert haben. \u00dcber das Programm hat man in Vertretung f\u00fcr seinen Wahlkreis dann die M\u00f6glichkeit als\u00a0<span class=\"hiddenSpellError\">Juniorbotschafter<\/span>\u00a0f\u00fcr ein Jahr nach Amerika zu gehen. Wenn du weitere\u00a0<span class=\"hiddenSuggestion\">Infos<\/span>\u00a0willst, schau doch einmal ganz unten auf der Website. \ud83d\ude42<\/h3>\t\t\t\t\t\t\t\t<\/div>\n\t\t\t\t<\/div>\n\t\t\t\t\t<\/div>\n\t\t<\/div>\n\t\t\t\t<div class=\"elementor-column elementor-col-33 elementor-top-column elementor-element elementor-element-bb30383\" data-id=\"bb30383\" data-element_type=\"column\" data-e-type=\"column\">\n\t\t\t<div class=\"elementor-widget-wrap\">\n\t\t\t\t\t\t\t<\/div>\n\t\t<\/div>\n\t\t\t\t\t<\/div>\n\t\t<\/section>\n\t\t\t\t<section class=\"elementor-section elementor-top-section elementor-element elementor-element-9f1185d elementor-section-boxed elementor-section-height-default elementor-section-height-default\" data-id=\"9f1185d\" data-element_type=\"section\" data-e-type=\"section\">\n\t\t\t\t\t\t<div class=\"elementor-container elementor-column-gap-default\">\n\t\t\t\t\t<div class=\"elementor-column elementor-col-100 elementor-top-column elementor-element elementor-element-36ad910\" data-id=\"36ad910\" data-element_type=\"column\" data-e-type=\"column\">\n\t\t\t<div class=\"elementor-widget-wrap elementor-element-populated\">\n\t\t\t\t\t\t<div class=\"elementor-element elementor-element-e53f225 elementor-widget elementor-widget-heading\" data-id=\"e53f225\" data-element_type=\"widget\" data-e-type=\"widget\" data-widget_type=\"heading.default\">\n\t\t\t\t<div class=\"elementor-widget-container\">\n\t\t\t\t\t<h2 class=\"elementor-heading-title elementor-size-default\">Hier findest du die Blog-Artikel<\/h2>\t\t\t\t<\/div>\n\t\t\t\t<\/div>\n\t\t\t\t<div class=\"elementor-element elementor-element-9b162ec elementor-grid-eael-col-4 elementor-grid-tablet-eael-col-2 elementor-grid-mobile-eael-col-1 elementor-widget elementor-widget-eael-post-grid\" data-id=\"9b162ec\" data-element_type=\"widget\" data-e-type=\"widget\" data-settings=\"{&quot;eael_post_grid_columns&quot;:&quot;eael-col-4&quot;,&quot;eael_post_grid_columns_tablet&quot;:&quot;eael-col-2&quot;,&quot;eael_post_grid_columns_mobile&quot;:&quot;eael-col-1&quot;}\" data-widget_type=\"eael-post-grid.default\">\n\t\t\t\t<div class=\"elementor-widget-container\">\n\t\t\t\t\t<div id=\"eael-post-grid-9b162ec\" class=\"eael-post-grid-container\">\n            <div class=\"eael-post-grid eael-post-appender eael-post-appender-9b162ec eael-post-grid-style-one\" data-layout-mode=\"masonry\"><article class=\"eael-grid-post  eael-post-grid-column eael-pg-post-372 category-allgemein\" data-id=\"372\">\n        <div class=\"eael-grid-post-holder\">\n            <div class=\"eael-grid-post-holder-inner\"><div class=\"eael-entry-wrapper\"><header class=\"eael-entry-header\"><h2 class=\"eael-entry-title\"><a class=\"eael-grid-post-link\" href=\"https:\/\/39ppp.de\/annika\/2023\/09\/21\/abschlussbericht-deutsch\/\" title=\"Abschlussbericht &#8211; Deutsch\">Abschlussbericht &#8211; Deutsch<\/a><\/h2><\/header><div class=\"eael-entry-content\">\n                        <div class=\"eael-grid-post-excerpt\"><p>Wie schon vorher bereits erz\u00e4hlt, wollte ich hier eigentlich regelm\u00e4\u00dfig...<\/p><a href=\"https:\/\/39ppp.de\/annika\/2023\/09\/21\/abschlussbericht-deutsch\/\" class=\"eael-post-elements-readmore-btn\">Read More<\/a><\/div>\n                    <\/div><\/div><\/div>\n        <\/div>\n    <\/article><article class=\"eael-grid-post  eael-post-grid-column eael-pg-post-391 category-allgemein\" data-id=\"391\">\n        <div class=\"eael-grid-post-holder\">\n            <div class=\"eael-grid-post-holder-inner\"><div class=\"eael-entry-wrapper\"><header class=\"eael-entry-header\"><h2 class=\"eael-entry-title\"><a class=\"eael-grid-post-link\" href=\"https:\/\/39ppp.de\/annika\/2023\/09\/20\/abschlussbericht_english\/\" title=\"Abschlussbericht &#8211; English\">Abschlussbericht &#8211; English<\/a><\/h2><\/header><div class=\"eael-entry-content\">\n                        <div class=\"eael-grid-post-excerpt\"><p>Actually I wanted to write here in German on a...<\/p><a href=\"https:\/\/39ppp.de\/annika\/2023\/09\/20\/abschlussbericht_english\/\" class=\"eael-post-elements-readmore-btn\">Read More<\/a><\/div>\n                    <\/div><\/div><\/div>\n        <\/div>\n    <\/article><article class=\"eael-grid-post  eael-post-grid-column eael-pg-post-346 category-allgemein\" data-id=\"346\">\n        <div class=\"eael-grid-post-holder\">\n            <div class=\"eael-grid-post-holder-inner\"><div class=\"eael-entry-wrapper\"><header class=\"eael-entry-header\"><h2 class=\"eael-entry-title\"><a class=\"eael-grid-post-link\" href=\"https:\/\/39ppp.de\/annika\/2022\/12\/12\/call-it-your-yes-year-2\/\" title=\"Call it your Yes Year\">Call it your Yes Year<\/a><\/h2><\/header><div class=\"eael-entry-content\">\n                        <div class=\"eael-grid-post-excerpt\"><p>25.09.22 &#8211; in diesem Beitrag werde ich dir \u00fcber meine...<\/p><a href=\"https:\/\/39ppp.de\/annika\/2022\/12\/12\/call-it-your-yes-year-2\/\" class=\"eael-post-elements-readmore-btn\">Read More<\/a><\/div>\n                    <\/div><\/div><\/div>\n        <\/div>\n    <\/article><article class=\"eael-grid-post  eael-post-grid-column eael-pg-post-282 category-allgemein\" data-id=\"282\">\n        <div class=\"eael-grid-post-holder\">\n            <div class=\"eael-grid-post-holder-inner\"><div class=\"eael-entry-wrapper\"><header class=\"eael-entry-header\"><h2 class=\"eael-entry-title\"><a class=\"eael-grid-post-link\" href=\"https:\/\/39ppp.de\/annika\/2022\/09\/07\/call-it-your-yes-year\/\" title=\"Auftakt Washington D.C.\">Auftakt Washington D.C.<\/a><\/h2><\/header><div class=\"eael-entry-content\">\n                        <div class=\"eael-grid-post-excerpt\"><p>08.09.2022 &#8211; In dem Artikel werde ich dir berichten wie...<\/p><a href=\"https:\/\/39ppp.de\/annika\/2022\/09\/07\/call-it-your-yes-year\/\" class=\"eael-post-elements-readmore-btn\">Read More<\/a><\/div>\n                    <\/div><\/div><\/div>\n        <\/div>\n    <\/article><\/div>\n            <div class=\"clearfix\"><\/div>\n        <\/div>            <div class=\"eael-load-more-button-wrap eael-force-hide\">\n                <button class=\"eael-load-more-button\" id=\"eael-load-more-btn-9b162ec\" data-widget-id=\"9b162ec\" data-widget=\"9b162ec\" data-page-id=\"72\" data-template=\"{&quot;dir&quot;:&quot;lite&quot;,&quot;file_name&quot;:&quot;one.php&quot;,&quot;name&quot;:&quot;Post-Grid&quot;}\" data-class=\"Essential_Addons_Elementor\\Elements\\Post_Grid\" data-layout=\"masonry\" data-page=\"1\" data-args=\"orderby=date&amp;order=desc&amp;ignore_sticky_posts=1&amp;post_status=publish&amp;posts_per_page=4&amp;offset=0&amp;post_type=post\" data-max-page=\"2\">\n                    <span class=\"eael-btn-loader button__loader\"><\/span>\n                    <span class=\"eael_load_more_text\">Load More<\/span>\n                <\/button>\n            <\/div>\n            \t\t\t\t<\/div>\n\t\t\t\t<\/div>\n\t\t\t\t\t<\/div>\n\t\t<\/div>\n\t\t\t\t\t<\/div>\n\t\t<\/section>\n\t\t\t\t<\/div>\n\t\t","protected":false},"excerpt":{"rendered":"<p>Wer bin ich? Ich bin Annika, 24 Jahre alt und komme aus einem kleinen Dorf in der Vordereifel. Als gelernte Informatikkauffrau und studierte Wirtschaftsinformatikerin werde ich f\u00fcr den Wahlkreis Ahrweiler (198) am 9. August mit 74 anderen Stipendiat:innen f\u00fcr ca. 1 Jahr in die USA gehen.Du wei\u00dft nichts oder nicht viel von dem Programm an [&hellip;]<\/p>\n","protected":false},"author":13,"featured_media":0,"parent":0,"menu_order":0,"comment_status":"closed","ping_status":"closed","template":"","meta":{"site-sidebar-layout":"default","site-content-layout":"","ast-site-content-layout":"","site-content-style":"default","site-sidebar-style":"default","ast-global-header-display":"","ast-banner-title-visibility":"","ast-main-header-display":"","ast-hfb-above-header-display":"","ast-hfb-below-header-display":"","ast-hfb-mobile-header-display":"","site-post-title":"disabled","ast-breadcrumbs-content":"","ast-featured-img":"","footer-sml-layout":"","theme-transparent-header-meta":"","adv-header-id-meta":"","stick-header-meta":"","header-above-stick-meta":"","header-main-stick-meta":"","header-below-stick-meta":"","astra-migrate-meta-layouts":"default","ast-page-background-enabled":"default","ast-page-background-meta":{"desktop":{"background-color":"var(--ast-global-color-4)","background-image":"","background-repeat":"repeat","background-position":"center center","background-size":"auto","background-attachment":"scroll","background-type":"","background-media":"","overlay-type":"","overlay-color":"","overlay-opacity":"","overlay-gradient":""},"tablet":{"background-color":"","background-image":"","background-repeat":"repeat","background-position":"center center","background-size":"auto","background-attachment":"scroll","background-type":"","background-media":"","overlay-type":"","overlay-color":"","overlay-opacity":"","overlay-gradient":""},"mobile":{"background-color":"","background-image":"","background-repeat":"repeat","background-position":"center center","background-size":"auto","background-attachment":"scroll","background-type":"","background-media":"","overlay-type":"","overlay-color":"","overlay-opacity":"","overlay-gradient":""}},"ast-content-background-meta":{"desktop":{"background-color":"var(--ast-global-color-5)","background-image":"","background-repeat":"repeat","background-position":"center center","background-size":"auto","background-attachment":"scroll","background-type":"","background-media":"","overlay-type":"","overlay-color":"","overlay-opacity":"","overlay-gradient":""},"tablet":{"background-color":"var(--ast-global-color-5)","background-image":"","background-repeat":"repeat","background-position":"center center","background-size":"auto","background-attachment":"scroll","background-type":"","background-media":"","overlay-type":"","overlay-color":"","overlay-opacity":"","overlay-gradient":""},"mobile":{"background-color":"var(--ast-global-color-5)","background-image":"","background-repeat":"repeat","background-position":"center center","background-size":"auto","background-attachment":"scroll","background-type":"","background-media":"","overlay-type":"","overlay-color":"","overlay-opacity":"","overlay-gradient":""}},"footnotes":"","_links_to":"","_links_to_target":""},"class_list":["post-72","page","type-page","status-publish","hentry"],"yoast_head":"<!-- This site is optimized with the Yoast SEO plugin v27.3 - https:\/\/yoast.com\/product\/yoast-seo-wordpress\/ -->\n<title>Startseite - Annika in den USA<\/title>\n<meta name=\"robots\" content=\"index, follow, max-snippet:-1, max-image-preview:large, max-video-preview:-1\" \/>\n<link rel=\"canonical\" href=\"https:\/\/39ppp.de\/annika\/\" \/>\n<meta property=\"og:locale\" content=\"de_DE\" \/>\n<meta property=\"og:type\" content=\"article\" \/>\n<meta property=\"og:title\" content=\"Startseite - Annika in den USA\" \/>\n<meta property=\"og:description\" content=\"Wer bin ich? Ich bin Annika, 24 Jahre alt und komme aus einem kleinen Dorf in der Vordereifel. Als gelernte Informatikkauffrau und studierte Wirtschaftsinformatikerin werde ich f\u00fcr den Wahlkreis Ahrweiler (198) am 9. August mit 74 anderen Stipendiat:innen f\u00fcr ca. 1 Jahr in die USA gehen.Du wei\u00dft nichts oder nicht viel von dem Programm an [&hellip;]\" \/>\n<meta property=\"og:url\" content=\"https:\/\/39ppp.de\/annika\/\" \/>\n<meta property=\"og:site_name\" content=\"Annika in den USA\" \/>\n<meta property=\"article:modified_time\" content=\"2022-08-04T22:06:24+00:00\" \/>\n<meta property=\"og:image\" content=\"https:\/\/39ppp.de\/annika\/wp-content\/uploads\/sites\/12\/2022\/07\/WhatsApp-Image-2022-07-29-at-12.01.06-768x1021.jpeg\" \/>\n<meta name=\"twitter:card\" content=\"summary_large_image\" \/>\n<meta name=\"twitter:label1\" content=\"Gesch\u00e4tzte Lesezeit\" \/>\n\t<meta name=\"twitter:data1\" content=\"2\u00a0Minuten\" \/>\n<script type=\"application\/ld+json\" class=\"yoast-schema-graph\">{\"@context\":\"https:\\\/\\\/schema.org\",\"@graph\":[{\"@type\":\"WebPage\",\"@id\":\"https:\\\/\\\/39ppp.de\\\/annika\\\/\",\"url\":\"https:\\\/\\\/39ppp.de\\\/annika\\\/\",\"name\":\"Startseite - Annika in den USA\",\"isPartOf\":{\"@id\":\"https:\\\/\\\/39ppp.de\\\/annika\\\/#website\"},\"primaryImageOfPage\":{\"@id\":\"https:\\\/\\\/39ppp.de\\\/annika\\\/#primaryimage\"},\"image\":{\"@id\":\"https:\\\/\\\/39ppp.de\\\/annika\\\/#primaryimage\"},\"thumbnailUrl\":\"https:\\\/\\\/39ppp.de\\\/annika\\\/wp-content\\\/uploads\\\/sites\\\/12\\\/2022\\\/07\\\/WhatsApp-Image-2022-07-29-at-12.01.06-768x1021.jpeg\",\"datePublished\":\"2022-07-29T09:57:10+00:00\",\"dateModified\":\"2022-08-04T22:06:24+00:00\",\"breadcrumb\":{\"@id\":\"https:\\\/\\\/39ppp.de\\\/annika\\\/#breadcrumb\"},\"inLanguage\":\"de\",\"potentialAction\":[{\"@type\":\"ReadAction\",\"target\":[\"https:\\\/\\\/39ppp.de\\\/annika\\\/\"]}]},{\"@type\":\"ImageObject\",\"inLanguage\":\"de\",\"@id\":\"https:\\\/\\\/39ppp.de\\\/annika\\\/#primaryimage\",\"url\":\"https:\\\/\\\/39ppp.de\\\/annika\\\/wp-content\\\/uploads\\\/sites\\\/12\\\/2022\\\/07\\\/WhatsApp-Image-2022-07-29-at-12.01.06.jpeg\",\"contentUrl\":\"https:\\\/\\\/39ppp.de\\\/annika\\\/wp-content\\\/uploads\\\/sites\\\/12\\\/2022\\\/07\\\/WhatsApp-Image-2022-07-29-at-12.01.06.jpeg\",\"width\":1203,\"height\":1600},{\"@type\":\"BreadcrumbList\",\"@id\":\"https:\\\/\\\/39ppp.de\\\/annika\\\/#breadcrumb\",\"itemListElement\":[{\"@type\":\"ListItem\",\"position\":1,\"name\":\"Startseite\",\"item\":\"https:\\\/\\\/39ppp.de\\\/annika\\\/\"},{\"@type\":\"ListItem\",\"position\":2,\"name\":\"Startseite\"}]},{\"@type\":\"WebSite\",\"@id\":\"https:\\\/\\\/39ppp.de\\\/annika\\\/#website\",\"url\":\"https:\\\/\\\/39ppp.de\\\/annika\\\/\",\"name\":\"Annika in den USA\",\"description\":\"Eine weitere 39. Parlamentarisches Patenschafts-Programm Website\",\"publisher\":{\"@id\":\"https:\\\/\\\/39ppp.de\\\/annika\\\/#organization\"},\"potentialAction\":[{\"@type\":\"SearchAction\",\"target\":{\"@type\":\"EntryPoint\",\"urlTemplate\":\"https:\\\/\\\/39ppp.de\\\/annika\\\/?s={search_term_string}\"},\"query-input\":{\"@type\":\"PropertyValueSpecification\",\"valueRequired\":true,\"valueName\":\"search_term_string\"}}],\"inLanguage\":\"de\"},{\"@type\":\"Organization\",\"@id\":\"https:\\\/\\\/39ppp.de\\\/annika\\\/#organization\",\"name\":\"Annika in den USA\",\"url\":\"https:\\\/\\\/39ppp.de\\\/annika\\\/\",\"logo\":{\"@type\":\"ImageObject\",\"inLanguage\":\"de\",\"@id\":\"https:\\\/\\\/39ppp.de\\\/annika\\\/#\\\/schema\\\/logo\\\/image\\\/\",\"url\":\"https:\\\/\\\/39ppp.de\\\/annika\\\/wp-content\\\/uploads\\\/sites\\\/12\\\/2022\\\/07\\\/ppp-logo-2.png\",\"contentUrl\":\"https:\\\/\\\/39ppp.de\\\/annika\\\/wp-content\\\/uploads\\\/sites\\\/12\\\/2022\\\/07\\\/ppp-logo-2.png\",\"width\":1882,\"height\":1882,\"caption\":\"Annika in den USA\"},\"image\":{\"@id\":\"https:\\\/\\\/39ppp.de\\\/annika\\\/#\\\/schema\\\/logo\\\/image\\\/\"}}]}<\/script>\n<!-- \/ Yoast SEO plugin. -->","yoast_head_json":{"title":"Startseite - Annika in den USA","robots":{"index":"index","follow":"follow","max-snippet":"max-snippet:-1","max-image-preview":"max-image-preview:large","max-video-preview":"max-video-preview:-1"},"canonical":"https:\/\/39ppp.de\/annika\/","og_locale":"de_DE","og_type":"article","og_title":"Startseite - Annika in den USA","og_description":"Wer bin ich? Ich bin Annika, 24 Jahre alt und komme aus einem kleinen Dorf in der Vordereifel. Als gelernte Informatikkauffrau und studierte Wirtschaftsinformatikerin werde ich f\u00fcr den Wahlkreis Ahrweiler (198) am 9. August mit 74 anderen Stipendiat:innen f\u00fcr ca. 1 Jahr in die USA gehen.Du wei\u00dft nichts oder nicht viel von dem Programm an [&hellip;]","og_url":"https:\/\/39ppp.de\/annika\/","og_site_name":"Annika in den USA","article_modified_time":"2022-08-04T22:06:24+00:00","og_image":[{"url":"https:\/\/39ppp.de\/annika\/wp-content\/uploads\/sites\/12\/2022\/07\/WhatsApp-Image-2022-07-29-at-12.01.06-768x1021.jpeg","type":"","width":"","height":""}],"twitter_card":"summary_large_image","twitter_misc":{"Gesch\u00e4tzte Lesezeit":"2\u00a0Minuten"},"schema":{"@context":"https:\/\/schema.org","@graph":[{"@type":"WebPage","@id":"https:\/\/39ppp.de\/annika\/","url":"https:\/\/39ppp.de\/annika\/","name":"Startseite - Annika in den USA","isPartOf":{"@id":"https:\/\/39ppp.de\/annika\/#website"},"primaryImageOfPage":{"@id":"https:\/\/39ppp.de\/annika\/#primaryimage"},"image":{"@id":"https:\/\/39ppp.de\/annika\/#primaryimage"},"thumbnailUrl":"https:\/\/39ppp.de\/annika\/wp-content\/uploads\/sites\/12\/2022\/07\/WhatsApp-Image-2022-07-29-at-12.01.06-768x1021.jpeg","datePublished":"2022-07-29T09:57:10+00:00","dateModified":"2022-08-04T22:06:24+00:00","breadcrumb":{"@id":"https:\/\/39ppp.de\/annika\/#breadcrumb"},"inLanguage":"de","potentialAction":[{"@type":"ReadAction","target":["https:\/\/39ppp.de\/annika\/"]}]},{"@type":"ImageObject","inLanguage":"de","@id":"https:\/\/39ppp.de\/annika\/#primaryimage","url":"https:\/\/39ppp.de\/annika\/wp-content\/uploads\/sites\/12\/2022\/07\/WhatsApp-Image-2022-07-29-at-12.01.06.jpeg","contentUrl":"https:\/\/39ppp.de\/annika\/wp-content\/uploads\/sites\/12\/2022\/07\/WhatsApp-Image-2022-07-29-at-12.01.06.jpeg","width":1203,"height":1600},{"@type":"BreadcrumbList","@id":"https:\/\/39ppp.de\/annika\/#breadcrumb","itemListElement":[{"@type":"ListItem","position":1,"name":"Startseite","item":"https:\/\/39ppp.de\/annika\/"},{"@type":"ListItem","position":2,"name":"Startseite"}]},{"@type":"WebSite","@id":"https:\/\/39ppp.de\/annika\/#website","url":"https:\/\/39ppp.de\/annika\/","name":"Annika in den USA","description":"Eine weitere 39. Parlamentarisches Patenschafts-Programm Website","publisher":{"@id":"https:\/\/39ppp.de\/annika\/#organization"},"potentialAction":[{"@type":"SearchAction","target":{"@type":"EntryPoint","urlTemplate":"https:\/\/39ppp.de\/annika\/?s={search_term_string}"},"query-input":{"@type":"PropertyValueSpecification","valueRequired":true,"valueName":"search_term_string"}}],"inLanguage":"de"},{"@type":"Organization","@id":"https:\/\/39ppp.de\/annika\/#organization","name":"Annika in den USA","url":"https:\/\/39ppp.de\/annika\/","logo":{"@type":"ImageObject","inLanguage":"de","@id":"https:\/\/39ppp.de\/annika\/#\/schema\/logo\/image\/","url":"https:\/\/39ppp.de\/annika\/wp-content\/uploads\/sites\/12\/2022\/07\/ppp-logo-2.png","contentUrl":"https:\/\/39ppp.de\/annika\/wp-content\/uploads\/sites\/12\/2022\/07\/ppp-logo-2.png","width":1882,"height":1882,"caption":"Annika in den USA"},"image":{"@id":"https:\/\/39ppp.de\/annika\/#\/schema\/logo\/image\/"}}]}},"_links":{"self":[{"href":"https:\/\/39ppp.de\/annika\/wp-json\/wp\/v2\/pages\/72","targetHints":{"allow":["GET"]}}],"collection":[{"href":"https:\/\/39ppp.de\/annika\/wp-json\/wp\/v2\/pages"}],"about":[{"href":"https:\/\/39ppp.de\/annika\/wp-json\/wp\/v2\/types\/page"}],"author":[{"embeddable":true,"href":"https:\/\/39ppp.de\/annika\/wp-json\/wp\/v2\/users\/13"}],"replies":[{"embeddable":true,"href":"https:\/\/39ppp.de\/annika\/wp-json\/wp\/v2\/comments?post=72"}],"version-history":[{"count":36,"href":"https:\/\/39ppp.de\/annika\/wp-json\/wp\/v2\/pages\/72\/revisions"}],"predecessor-version":[{"id":262,"href":"https:\/\/39ppp.de\/annika\/wp-json\/wp\/v2\/pages\/72\/revisions\/262"}],"wp:attachment":[{"href":"https:\/\/39ppp.de\/annika\/wp-json\/wp\/v2\/media?parent=72"}],"curies":[{"name":"wp","href":"https:\/\/api.w.org\/{rel}","templated":true}]}}